{"id":981,"date":"2025-11-27T16:53:59","date_gmt":"2025-11-27T16:53:59","guid":{"rendered":"https:\/\/b-akoa.art\/?post_type=product&#038;p=981"},"modified":"2025-11-27T17:22:22","modified_gmt":"2025-11-27T17:22:22","slug":"elegante-makramee-lampe-aus-altem-naturholz-mit-boho-charme","status":"publish","type":"product","link":"https:\/\/b-akoa.art\/en\/product\/elegante-makramee-lampe-aus-altem-naturholz-mit-boho-charme\/","title":{"rendered":"Elegante Makram\u00e9e Lampe aus altem Naturholz mit Boho-Charme"},"content":{"rendered":"<p>Diese au\u00dfergew\u00f6hnliche Makram\u00e9e Lampe vereint <strong>nat\u00fcrliche Urspr\u00fcnglichkeit und kunstvolles Design<\/strong>. Der Holzstamm, geformt und gezeichnet durch die Zeit, tr\u00e4gt sichtbare Spuren der Natur \u2013 Risse, Maserungen und Strukturen, die seine lange Geschichte erz\u00e4hlen. Auf dieser Basis entfaltet sich das filigrane Makram\u00e9e, das der Lampe einen <strong>eleganten und zugleich verspielten Boho-Charme<\/strong> verleiht.<\/p>\n<p>Das warme Licht betont die Sch\u00f6nheit des alten Holzes und schafft eine Atmosph\u00e4re von <strong>Gem\u00fctlichkeit und Nat\u00fcrlichkeit<\/strong>. Jede Lampe ist ein Unikat, da sowohl die Holzstruktur als auch die handgekn\u00fcpften Makram\u00e9e-Muster einzigartig sind.<\/p>\n<p>Ideal f\u00fcr Liebhaber von <strong>Boho-Interior, nachhaltigem Wohnen und handgefertigten Einzelst\u00fccken<\/strong>, die ihre R\u00e4ume mit einem besonderen Statement-Piece bereichern m\u00f6chten.<\/p>","protected":false},"excerpt":{"rendered":"<p>Ein handgefertigtes Unikat: Diese Makram\u00e9e Lampe aus uraltem Naturholz mit sichtbaren Spuren der Natur verbindet rustikale Authentizit\u00e4t mit elegantem Boho-Design.<\/p>","protected":false},"featured_media":983,"comment_status":"closed","ping_status":"closed","template":"","meta":[],"product_brand":[],"product_cat":[20],"product_tag":[],"class_list":{"0":"post-981","1":"product","2":"type-product","3":"status-publish","4":"has-post-thumbnail","6":"product_cat-unkategorisiert","8":"first","9":"instock","10":"shipping-taxable","11":"purchasable","12":"product-type-simple"},"_links":{"self":[{"href":"https:\/\/b-akoa.art\/en\/wp-json\/wp\/v2\/product\/981","targetHints":{"allow":["GET"]}}],"collection":[{"href":"https:\/\/b-akoa.art\/en\/wp-json\/wp\/v2\/product"}],"about":[{"href":"https:\/\/b-akoa.art\/en\/wp-json\/wp\/v2\/types\/product"}],"replies":[{"embeddable":true,"href":"https:\/\/b-akoa.art\/en\/wp-json\/wp\/v2\/comments?post=981"}],"wp:featuredmedia":[{"embeddable":true,"href":"https:\/\/b-akoa.art\/en\/wp-json\/wp\/v2\/media\/983"}],"wp:attachment":[{"href":"https:\/\/b-akoa.art\/en\/wp-json\/wp\/v2\/media?parent=981"}],"wp:term":[{"taxonomy":"product_brand","embeddable":true,"href":"https:\/\/b-akoa.art\/en\/wp-json\/wp\/v2\/product_brand?post=981"},{"taxonomy":"product_cat","embeddable":true,"href":"https:\/\/b-akoa.art\/en\/wp-json\/wp\/v2\/product_cat?post=981"},{"taxonomy":"product_tag","embeddable":true,"href":"https:\/\/b-akoa.art\/en\/wp-json\/wp\/v2\/product_tag?post=981"}],"curies":[{"name":"wp","href":"https:\/\/api.w.org\/{rel}","templated":true}]}}