{"id":640,"date":"2025-06-09T11:40:16","date_gmt":"2025-06-09T11:40:16","guid":{"rendered":"https:\/\/b-akoa.art\/?post_type=product&#038;p=640"},"modified":"2025-06-10T20:22:08","modified_gmt":"2025-06-10T20:22:08","slug":"wandgemaelde-makramee-berge-wanderlust-in-faeden","status":"publish","type":"product","link":"https:\/\/b-akoa.art\/en\/product\/wandgemaelde-makramee-berge-wanderlust-in-faeden\/","title":{"rendered":"Wandgem\u00e4lde Makramee &#8211; to move mountains &#8211; Wanderlust in F\u00e4den!"},"content":{"rendered":"<p>Lass dich inspirieren und sp\u00fcre die Energie der Berge mit dem <em>Wandgem\u00e4lde Makramee &#8211; to move mountains &#8211; Wanderlust in F\u00e4den<\/em>! Dieses kunstvolle Makramee-Wandbild ist eine Hommage an die Kraft der Natur und die Entschlossenheit, Gro\u00dfes zu erreichen.<\/p>\n<p>Mit aufwendigen Knotentechniken werden majest\u00e4tische Bergformationen geschaffen, die dich t\u00e4glich daran erinnern, dass du jede Herausforderung meistern kannst. Gefertigt aus nachhaltiger Baumwolle und mit Liebe zum Detail handgearbeitet, f\u00fcgt sich dieses Wandbild harmonisch in moderne, minimalistische und Boho-inspirierte Wohnr\u00e4ume ein.<\/p>\n<p>Ob als Eyecatcher im Wohnzimmer, inspirierendes Element im Arbeitsbereich oder beruhigende Wanddekoration im Schlafzimmer \u2013 dieses Makramee-Kunstwerk verleiht jedem Raum eine einzigartige Atmosph\u00e4re. Perfekt f\u00fcr alle, die nach einem stilvollen und motivierenden Design suchen, das sie immer wieder an ihre eigene St\u00e4rke erinnert.<\/p>\n<p>Hol dir jetzt ein St\u00fcck Wanderlust und innere St\u00e4rke an deine Wand und bewege mit deiner Vision Berge!<\/p>","protected":false},"excerpt":{"rendered":"<p>Bringe deine Tr\u00e4ume auf die n\u00e4chste Ebene mit dem <em>Wandgem\u00e4lde Makramee &#8211; to move mountains<\/em>! Dieses kunstvolle Makramee-Wandbild symbolisiert St\u00e4rke, Durchhalteverm\u00f6gen und die Freiheit, jedes Hindernis zu \u00fcberwinden. Mit handgekn\u00fcpften F\u00e4den, die Bergsilhouetten formen, ist es die perfekte Erg\u00e4nzung f\u00fcr dein Zuhause \u2013 ideal f\u00fcr Abenteurer, Freigeister und alle, die an ihre eigene Kraft glauben.<\/p>","protected":false},"featured_media":652,"comment_status":"open","ping_status":"closed","template":"","meta":[],"product_brand":[],"product_cat":[20,26],"product_tag":[],"class_list":{"0":"post-640","1":"product","2":"type-product","3":"status-publish","4":"has-post-thumbnail","6":"product_cat-unkategorisiert","7":"product_cat-wandbild","8":"product_shipping_class-versandpauschale","10":"first","11":"instock","12":"sold-individually","13":"shipping-taxable","14":"purchasable","15":"product-type-simple"},"_links":{"self":[{"href":"https:\/\/b-akoa.art\/en\/wp-json\/wp\/v2\/product\/640","targetHints":{"allow":["GET"]}}],"collection":[{"href":"https:\/\/b-akoa.art\/en\/wp-json\/wp\/v2\/product"}],"about":[{"href":"https:\/\/b-akoa.art\/en\/wp-json\/wp\/v2\/types\/product"}],"replies":[{"embeddable":true,"href":"https:\/\/b-akoa.art\/en\/wp-json\/wp\/v2\/comments?post=640"}],"wp:featuredmedia":[{"embeddable":true,"href":"https:\/\/b-akoa.art\/en\/wp-json\/wp\/v2\/media\/652"}],"wp:attachment":[{"href":"https:\/\/b-akoa.art\/en\/wp-json\/wp\/v2\/media?parent=640"}],"wp:term":[{"taxonomy":"product_brand","embeddable":true,"href":"https:\/\/b-akoa.art\/en\/wp-json\/wp\/v2\/product_brand?post=640"},{"taxonomy":"product_cat","embeddable":true,"href":"https:\/\/b-akoa.art\/en\/wp-json\/wp\/v2\/product_cat?post=640"},{"taxonomy":"product_tag","embeddable":true,"href":"https:\/\/b-akoa.art\/en\/wp-json\/wp\/v2\/product_tag?post=640"}],"curies":[{"name":"wp","href":"https:\/\/api.w.org\/{rel}","templated":true}]}}