{"id":436,"date":"2025-05-02T09:30:22","date_gmt":"2025-05-02T09:30:22","guid":{"rendered":"https:\/\/b-akoa.art\/cookie-policy\/"},"modified":"2025-05-20T19:14:56","modified_gmt":"2025-05-20T19:14:56","slug":"cookie-policy","status":"publish","type":"page","link":"https:\/\/b-akoa.art\/en\/cookie-policy\/","title":{"rendered":"Cookies"},"content":{"rendered":"<div data-elementor-type=\"wp-page\" data-elementor-id=\"436\" class=\"elementor elementor-436\">\n\t\t\t\t<div class=\"elementor-element elementor-element-1eb8fbe1 e-flex e-con-boxed e-con e-parent\" data-id=\"1eb8fbe1\" data-element_type=\"container\" data-e-type=\"container\">\n\t\t\t\t\t<div class=\"e-con-inner\">\n\t\t\t\t<div class=\"elementor-element elementor-element-6943fcf0 elementor-widget elementor-widget-text-editor\" data-id=\"6943fcf0\" data-element_type=\"widget\" data-e-type=\"widget\" data-widget_type=\"text-editor.default\">\n\t\t\t\t<div class=\"elementor-widget-container\">\n\t\t\t\t\t\t\t\t\t<p><\/p>\n<p>Auf dieser Seite finden Sie umfassende Informationen dar\u00fcber, wie wir Cookies auf unserer Website verwenden, um Ihr Surferlebnis zu verbessern, die Leistung der Website zu steigern und personalisierte Inhalte zu liefern. Cookies sind kleine Textdateien, die auf Ihrem Ger\u00e4t gespeichert werden, wenn Sie unsere Website besuchen. Sie helfen uns zu verstehen, wie Besucher mit unserer Website interagieren, und erm\u00f6glichen es uns, eine reibungslosere und effizientere Benutzererfahrung anzubieten. In der nachstehenden Tabelle finden Sie ausf\u00fchrliche Informationen \u00fcber jede Art von Cookie, die wir verwenden, ihren Zweck und die Dauer, die sie auf Ihrem Ger\u00e4t verbleiben. Wir verpflichten uns, Ihre Privatsph\u00e4re zu respektieren und Transparenz \u00fcber die Daten zu schaffen, die wir durch Cookies sammeln. Weitere Informationen dar\u00fcber, wie wir mit Ihren pers\u00f6nlichen Daten umgehen, finden Sie in unserer Datenschutzrichtlinie. Wann dies der Fall ist, kannst Du in der <a href=\"https:\/\/www.newyorker.de\/legal\/privacy\/\" target=\"_blank\" rel=\"noopener\">Datenschutzerkl\u00e4rung<\/a>&nbsp;unter dem Punkt 2.1 Cookies erfahren. Zudem bitten wir dich, die pers\u00f6nlichen Angaben regelm\u00e4\u00dfig zu aktualisieren.<\/p>\n<p><\/p>\n<div class=\"wpconsent-cookie-policy\">\n<h2 class=\"wpconsent-cookie-category-name\">Essential<\/h2>\n<p class=\"wpconsent-cookie-category-description\">Wesentliche Cookies erm\u00f6glichen grundlegende Funktionen und sind f\u00fcr das ordnungsgem\u00e4\u00dfe Funktionieren der Website erforderlich.<\/p>\n<table class=\"wpconsent-cookie-policy-table\">\n<tr>\n<th>Name<\/th>\n<th>Description<\/th>\n<th>Duration<\/th>\n<\/tr>\n<tr>\n<td>wpconsent_preferences<\/td>\n<td>This cookie is used to store the user&#039;s cookie consent preferences.<\/td>\n<td>30 days<\/td>\n<\/tr>\n<tr>\n<td>wpconsent_preferences<\/td>\n<td>This cookie is used to store the user&#039;s cookie consent preferences.<\/td>\n<td>30 days<\/td>\n<\/tr>\n<tr>\n<td>wpconsent_preferences<\/td>\n<td>This cookie is used to store the user&#039;s cookie consent preferences.<\/td>\n<td>30 days<\/td>\n<\/tr>\n<tr>\n<td>wpconsent_preferences<\/td>\n<td>This cookie is used to store the user&#039;s cookie consent preferences.<\/td>\n<td>30 days<\/td>\n<\/tr>\n<tr>\n<td>wpconsent_preferences<\/td>\n<td>This cookie is used to store the user&#039;s cookie consent preferences.<\/td>\n<td>30 days<\/td>\n<\/tr>\n<\/table>\n<h3 class=\"wpconsent-cookie-service-name\">Comments<\/h3>\n<p class=\"wpconsent-cookie-service-description\">These cookies are needed for adding comments on this website.<\/p>\n<table class=\"wpconsent-cookie-policy-table\">\n<tr>\n<th>Name<\/th>\n<th>Description<\/th>\n<th>Duration<\/th>\n<\/tr>\n<tr>\n<td>comment_author<\/td>\n<td>Used to track the user across multiple sessions.<\/td>\n<td>Session<\/td>\n<\/tr>\n<tr>\n<td>comment_author_email<\/td>\n<td>Used to track the user across multiple sessions.<\/td>\n<td>Session<\/td>\n<\/tr>\n<tr>\n<td>comment_author_url<\/td>\n<td>Used to track the user across multiple sessions.<\/td>\n<td>Session<\/td>\n<\/tr>\n<\/table>\n<h3 class=\"wpconsent-cookie-service-name\">Login<\/h3>\n<p class=\"wpconsent-cookie-service-description\">These cookies are used for managing login functionality on this website.<\/p>\n<table class=\"wpconsent-cookie-policy-table\">\n<tr>\n<th>Name<\/th>\n<th>Description<\/th>\n<th>Duration<\/th>\n<\/tr>\n<tr>\n<td>wordpress_logged_in<\/td>\n<td>Used to store logged-in users.<\/td>\n<td>Persistent<\/td>\n<\/tr>\n<tr>\n<td>wordpress_sec<\/td>\n<td>Used to track the user across multiple sessions.<\/td>\n<td>15 days<\/td>\n<\/tr>\n<tr>\n<td>wordpress_test_cookie<\/td>\n<td>Used to determine if cookies are enabled.<\/td>\n<td>Session<\/td>\n<\/tr>\n<\/table>\n<\/div>\n<p>\n<\/p>\t\t\t\t\t\t\t\t<\/div>\n\t\t\t\t<\/div>\n\t\t\t\t\t<\/div>\n\t\t\t\t<\/div>\n\t\t\t\t<\/div>","protected":false},"excerpt":{"rendered":"<p>Auf dieser Seite finden Sie umfassende Informationen dar\u00fcber, wie wir Cookies auf unserer Website verwenden, um Ihr Surferlebnis zu verbessern, die Leistung der Website zu steigern und personalisierte Inhalte zu liefern. Cookies sind kleine Textdateien, die auf Ihrem Ger\u00e4t gespeichert werden, wenn Sie unsere Website besuchen. Sie helfen uns zu verstehen, wie Besucher mit unserer [&hellip;]<\/p>\n","protected":false},"author":1,"featured_media":0,"parent":0,"menu_order":0,"comment_status":"closed","ping_status":"closed","template":"","meta":{"footnotes":""},"class_list":["post-436","page","type-page","status-publish","hentry"],"blocksy_meta":[],"_links":{"self":[{"href":"https:\/\/b-akoa.art\/en\/wp-json\/wp\/v2\/pages\/436","targetHints":{"allow":["GET"]}}],"collection":[{"href":"https:\/\/b-akoa.art\/en\/wp-json\/wp\/v2\/pages"}],"about":[{"href":"https:\/\/b-akoa.art\/en\/wp-json\/wp\/v2\/types\/page"}],"author":[{"embeddable":true,"href":"https:\/\/b-akoa.art\/en\/wp-json\/wp\/v2\/users\/1"}],"replies":[{"embeddable":true,"href":"https:\/\/b-akoa.art\/en\/wp-json\/wp\/v2\/comments?post=436"}],"version-history":[{"count":7,"href":"https:\/\/b-akoa.art\/en\/wp-json\/wp\/v2\/pages\/436\/revisions"}],"predecessor-version":[{"id":894,"href":"https:\/\/b-akoa.art\/en\/wp-json\/wp\/v2\/pages\/436\/revisions\/894"}],"wp:attachment":[{"href":"https:\/\/b-akoa.art\/en\/wp-json\/wp\/v2\/media?parent=436"}],"curies":[{"name":"wp","href":"https:\/\/api.w.org\/{rel}","templated":true}]}}